{"id":238,"date":"2011-12-14T05:02:51","date_gmt":"2011-12-14T05:02:51","guid":{"rendered":"http:\/\/wp.contempographicdesign.com\/wp_artisan\/?page_id=37"},"modified":"2024-04-22T12:25:18","modified_gmt":"2024-04-22T10:25:18","slug":"layout","status":"publish","type":"page","link":"https:\/\/style-booking-company.com\/?page_id=238","title":{"rendered":"Impressum"},"content":{"rendered":"<p>STYLE BOOKING COMPANY<br \/>\nS\u00fcdliche M\u00fcnchner Strasse 15<br \/>\n82031 Gr\u00fcnwald<\/p>\n<p>Tel.: 0049 89 719 30 993<br \/>\nFax.: 0049 89 719 30 990<\/p>\n<p><strong>email:<\/strong>\u00a0kontakt@style-booking-company.com<\/p>\n<p>Vertretungsberechtigte Gesch\u00e4ftsf\u00fchrerin:<\/p>\n<p>Anna Zollner<\/p>\n<p>UST-ID-Nr.: DE 27 33 61 422<\/p>\n<p>Gewerbeerlaubnis gem\u00e4ss \u00a7 34c GewO erteilt.<\/p>\n<p>Zust\u00e4ndige Aufsichtsbeh\u00f6rde:<\/p>\n<p>IHK f\u00fcr M\u00fcnchen und Oberbayern<br \/>\nMax-Joseph-Stra\u00dfe 2<br \/>\n80333 M\u00fcnchen<\/p>\n<p>Ihre Angaben werden ausschliesslich an den Immobilien-Anbieter weitergeleitet &#8211; entsprechend den gesetzlichen Datenschutzbestimmungen. Ihre Angaben werden nicht verkauft oder unbefugt an Dritte weitergegeben.<\/p>\n<p>Verbraucherinformationen:<\/p>\n<p>Online-Streitbeilegung gem\u00e4\u00df Art. 14 Abs. 1 ODR-VO:<br \/>\nDie Europ\u00e4ische Kommission stellt eine Plattform zur Online-Streitbeilegung (OS) bereit, die Sie hier finden: https:\/\/ec.europa.eu\/consumers\/odr\/main\/index.cfm?event=main.home2.show&#038;lng=DE<\/p>\n","protected":false},"excerpt":{"rendered":"STYLE BOOKING COMPANY S\u00fcdliche M\u00fcnchner Strasse 15 82031 Gr\u00fcnwald Tel.: 0049 89 719 30 993 Fax.: 0049 89 719 30 990 email:\u00a0kontakt@style-booking-company.com Vertretungsberechtigte Gesch\u00e4ftsf\u00fchrerin: Anna.","protected":false},"author":7,"featured_media":0,"parent":0,"menu_order":0,"comment_status":"closed","ping_status":"closed","template":"template-full-width.php","meta":[],"_links":{"self":[{"href":"https:\/\/style-booking-company.com\/index.php?rest_route=\/wp\/v2\/pages\/238"}],"collection":[{"href":"https:\/\/style-booking-company.com\/index.php?rest_route=\/wp\/v2\/pages"}],"about":[{"href":"https:\/\/style-booking-company.com\/index.php?rest_route=\/wp\/v2\/types\/page"}],"author":[{"embeddable":true,"href":"https:\/\/style-booking-company.com\/index.php?rest_route=\/wp\/v2\/users\/7"}],"replies":[{"embeddable":true,"href":"https:\/\/style-booking-company.com\/index.php?rest_route=%2Fwp%2Fv2%2Fcomments&post=238"}],"version-history":[{"count":14,"href":"https:\/\/style-booking-company.com\/index.php?rest_route=\/wp\/v2\/pages\/238\/revisions"}],"predecessor-version":[{"id":2262,"href":"https:\/\/style-booking-company.com\/index.php?rest_route=\/wp\/v2\/pages\/238\/revisions\/2262"}],"wp:attachment":[{"href":"https:\/\/style-booking-company.com\/index.php?rest_route=%2Fwp%2Fv2%2Fmedia&parent=238"}],"curies":[{"name":"wp","href":"https:\/\/api.w.org\/{rel}","templated":true}]}}