{"id":173,"date":"2011-12-23T03:46:09","date_gmt":"2011-12-23T03:46:09","guid":{"rendered":"http:\/\/wp.contempographicdesign.com\/wp_artisan\/?page_id=173"},"modified":"2013-04-16T18:10:53","modified_gmt":"2013-04-16T16:10:53","slug":"services","status":"publish","type":"page","link":"https:\/\/style-booking-company.com\/?page_id=173","title":{"rendered":"Services"},"content":{"rendered":"<h4><span class=\"dropcap\">T<\/span>IME IS NOT MONEY<\/h4>\n<p>Nicht immer ist Zeit Geld. Jedoch ist Zeit das vielleicht Wertvollste, das Sie haben. Wir m\u00f6chten Ihnen Zeit schenken, und nicht stehlen. Deshalb ver\u00f6ffentlichen wir an dieser Stelle kein katalogisiertes Leistungsverzeichnis unseres Unternehmens, durch welches Sie sich m\u00fchsam und zeitintensiv durcharbeiten m\u00fcssen. Wir vermitteln Ihnen lediglich einen kurzen, pr\u00e4gnanten Eindruck von Dingen, die wir gerne f\u00fcr Sie erledigen. K\u00fcmmern Sie sich um wirklich Wichtiges im Leben, wir k\u00fcmmern uns um alles Andere.<\/p>\n<h4><span class=\"dropcap\">C<\/span>OMING HOME<\/h4>\n<p>Sie wohnen nicht ganzj\u00e4hrig in der Stadt, sind l\u00e4nger\u00a0nicht vor Ort? Wir betreuen Ihre Immobilie w\u00e4hrend Ihrer Abwesenheit. Am Tage Ihrer R\u00fcckkehr organisieren wir im Vorfeld alles was n\u00f6tig ist, damit Sie das Gef\u00fchl haben: Sch\u00f6n, wieder zu Hause zu sein! &#8230;Ganz egal was es ist: wir bef\u00fcllen Ihren K\u00fchlschrank, stellen frische Blumen auf den Tisch, respektive den Wein kalt, befeuern den Kamin&#8230;.Alles wird so sein, als w\u00e4ren Sie nie weggewesen.<\/p>\n<h4><span class=\"dropcap\">S<\/span>HOPPING HAPPINESS<\/h4>\n<p>Unsere charmante und sehr erfahrene Shoppingassistentin begleitet Sie bei Ihrem Einkauf. Sie selbst hat\u00a0 in den renommiertesten Boutiquen der Stadt jahrelang Erfahrungen gesammelt und ber\u00e4t Sie absolut stilsicher. Gerne geht sie mit Ihnen auf Entdeckungstour, nicht nur in die Edelboutiquen. Sie zeigt Ihnen auch die \u201eSecret Places\u201c.<\/p>\n<p>F\u00fcr den Fall, dass Sie lieber nach Ladenschluss ganz privat shoppen m\u00f6chten, organisieren wir f\u00fcr Sie und Ihre Begleitung aussergew\u00f6hnliche Shopping-Momente.<\/p>\n<h4><span class=\"dropcap\">I<\/span>HRE IMMOBILIE IN UNSEREN H\u00c4NDEN<\/h4>\n<p>Sie m\u00f6chten Ihre Immobilie vermieten oder verkaufen? Wir sind der zuverl\u00e4ssige und kompetente Partner an Ihrer Seite. An fast jedem Ort, zu fast jeder Stunde. Erleben Sie individuellen Service, weit \u00fcber das \u00dcbliche hinaus. Wir behandeln Sie, Ihre Immobilie, den potenziellen K\u00e4ufer, Ihren zuk\u00fcnftigen Mieter mit RESPEKT! Und dazu geh\u00f6rt vieles, jedoch sicherlich KEINE Massenbesichtigungen oder Open-House-Events!<\/p>\n<h4><span class=\"dropcap\">S<\/span>EIEN SIE ANSPRUCHSVOLL<\/h4>\n<p>Gestatten Sie uns Empfehlungen auszusprechen. Akzeptieren Sie nicht das Angebot des billigsten Handwerkers, nehmen Sie den Besten. Fahren Sie nicht Taxi, beanspruchen Sie den Limousinenservice. Fragen Sie uns ob wir jemanden kennen, der noch diskreter, noch erfahrener, noch professioneller ist.<\/p>\n","protected":false},"excerpt":{"rendered":"IME IS NOT MONEY Nicht immer ist Zeit Geld. Jedoch ist Zeit das vielleicht Wertvollste, das Sie haben. Wir m\u00f6chten Ihnen Zeit schenken, und nicht.","protected":false},"author":7,"featured_media":0,"parent":0,"menu_order":0,"comment_status":"open","ping_status":"closed","template":"template-full-width.php","meta":[],"_links":{"self":[{"href":"https:\/\/style-booking-company.com\/index.php?rest_route=\/wp\/v2\/pages\/173"}],"collection":[{"href":"https:\/\/style-booking-company.com\/index.php?rest_route=\/wp\/v2\/pages"}],"about":[{"href":"https:\/\/style-booking-company.com\/index.php?rest_route=\/wp\/v2\/types\/page"}],"author":[{"embeddable":true,"href":"https:\/\/style-booking-company.com\/index.php?rest_route=\/wp\/v2\/users\/7"}],"replies":[{"embeddable":true,"href":"https:\/\/style-booking-company.com\/index.php?rest_route=%2Fwp%2Fv2%2Fcomments&post=173"}],"version-history":[{"count":24,"href":"https:\/\/style-booking-company.com\/index.php?rest_route=\/wp\/v2\/pages\/173\/revisions"}],"predecessor-version":[{"id":910,"href":"https:\/\/style-booking-company.com\/index.php?rest_route=\/wp\/v2\/pages\/173\/revisions\/910"}],"wp:attachment":[{"href":"https:\/\/style-booking-company.com\/index.php?rest_route=%2Fwp%2Fv2%2Fmedia&parent=173"}],"curies":[{"name":"wp","href":"https:\/\/api.w.org\/{rel}","templated":true}]}}